{"id":686,"date":"2026-03-05T08:09:42","date_gmt":"2026-03-05T08:09:42","guid":{"rendered":"https:\/\/avoimenfoorumi.fi\/?page_id=686"},"modified":"2026-03-12T06:42:26","modified_gmt":"2026-03-12T06:42:26","slug":"esittely-2","status":"publish","type":"page","link":"https:\/\/avoimenfoorumi.fi\/","title":{"rendered":"Esittely"},"content":{"rendered":"\n<div class=\"wp-block-greenshift-blocks-row gspb_row gspb_row-id-gsbp-d8c7183\" id=\"gspb_row-id-gsbp-d8c7183\"><div class=\"gspb_row__content\">  <\/div><\/div>\n\n\n\n<div class=\"wp-block-greenshift-blocks-row gspb_row gspb_row-id-gsbp-fc34525\" id=\"gspb_row-id-gsbp-fc34525\"><div class=\"gspb_row__content\">  <\/div><\/div>\n\n\n\n<div class=\"wp-block-greenshift-blocks-row gspb_row gspb_row-id-gsbp-93ba6a3\" id=\"gspb_row-id-gsbp-93ba6a3\"><div class=\"gspb_row__content\"> \n<div class=\"wp-block-greenshift-blocks-row-column gspb_row__col--6 gspb_col-id-gsbp-7cfe28d\" id=\"gspb_col-id-gsbp-7cfe28d\">\n<div style=\"height:16px\" aria-hidden=\"true\" class=\"wp-block-spacer\"><\/div>\n\n\n\n<h3 class=\"wp-block-heading\" id=\"avointen-yliopistojen-yhteistyoverkosto-vuodesta-2004-1\"><strong>Avointen yliopistojen yhteisty\u00f6verkosto vuodesta 2004<\/strong><br><\/h3>\n\n\n\n<p>Avoimen yliopiston foorumi on vuonna 2004 perustettu avointen yliopistojen yhteisty\u00f6verkosto, jossa ovat edustettuna kaikki Suomen yliopistot. <\/p>\n\n\n\n<p>Foorumin toimintamuotoja ovat mm. lausunnot ja kannanotot, sidosryhm\u00e4yhteisty\u00f6, tiedonkeruu, edunvalvonta, hyvien k\u00e4yt\u00e4nt\u00f6jen jakaminen, yhteinen kehitt\u00e4misty\u00f6 sek\u00e4 vuosittaiset neuvottelup\u00e4iv\u00e4t. Lis\u00e4ksi foorumi kokoontuu keskim\u00e4\u00e4rin kolme kertaa vuodessa. <\/p>\n\n\n\n<p>Foorumin toimielimi\u00e4 ovat ty\u00f6valiokunta sek\u00e4 jatkuvan oppimisen, ohjauksen ja opetuksen kehitt\u00e4misen ja tietohallinnon ty\u00f6ryhm\u00e4t.<\/p>\n<\/div>\n\n\n\n<div class=\"wp-block-greenshift-blocks-row-column gspb_row__col--6 gspb_col-id-gsbp-f68edee\" id=\"gspb_col-id-gsbp-f68edee\">\n<figure class=\"wp-block-image size-large is-resized\"><img loading=\"lazy\" decoding=\"async\" width=\"2560\" height=\"1707\" src=\"https:\/\/avoimenfoorumi.fi\/wp-content\/uploads\/2026\/03\/pexels-fauxels-3184314-edited-2-scaled.jpg\" alt=\"\" class=\"wp-image-844\" style=\"aspect-ratio:1.4997656616153725;object-fit:cover;width:1203px\" srcset=\"https:\/\/avoimenfoorumi.fi\/wp-content\/uploads\/2026\/03\/pexels-fauxels-3184314-edited-2-scaled.jpg 2560w, https:\/\/avoimenfoorumi.fi\/wp-content\/uploads\/2026\/03\/pexels-fauxels-3184314-edited-2-300x200.jpg 300w, https:\/\/avoimenfoorumi.fi\/wp-content\/uploads\/2026\/03\/pexels-fauxels-3184314-edited-2-1024x683.jpg 1024w, https:\/\/avoimenfoorumi.fi\/wp-content\/uploads\/2026\/03\/pexels-fauxels-3184314-edited-2-768x512.jpg 768w, https:\/\/avoimenfoorumi.fi\/wp-content\/uploads\/2026\/03\/pexels-fauxels-3184314-edited-2-1536x1024.jpg 1536w, https:\/\/avoimenfoorumi.fi\/wp-content\/uploads\/2026\/03\/pexels-fauxels-3184314-edited-2-2048x1365.jpg 2048w\" sizes=\"auto, (max-width: 2560px) 100vw, 2560px\" \/><\/figure>\n<\/div>\n <\/div><\/div>\n\n\n\n<div class=\"wp-block-greenshift-blocks-row gspb_row gspb_row-id-gsbp-0485798\" id=\"gspb_row-id-gsbp-0485798\"><div class=\"gspb_row__content\">  <\/div><\/div>\n\n\n\n<div class=\"wp-block-greenshift-blocks-row gspb_row gspb_row-id-gsbp-2323987\" id=\"gspb_row-id-gsbp-2323987\"><div class=\"gspb_row__content\">  <\/div><\/div>\n\n\n\n<div class=\"wp-block-greenshift-blocks-row gspb_row gspb_row-id-gsbp-cde7722\" id=\"gspb_row-id-gsbp-cde7722\"><div class=\"gspb_row__content\"> \n<div class=\"wp-block-greenshift-blocks-row-column gspb_row__col--12 gspb_col-id-gsbp-dabaa01\" id=\"gspb_col-id-gsbp-dabaa01\">\n<div style=\"height:15px\" aria-hidden=\"true\" class=\"wp-block-spacer\"><\/div>\n<\/div>\n <\/div><\/div>\n\n\n\n<div class=\"wp-block-greenshift-blocks-row gspb_row gspb_row-id-gsbp-da83e37\" id=\"gspb_row-id-gsbp-da83e37\"><div class=\"gspb_row__content\"> \n<div class=\"wp-block-greenshift-blocks-row-column gspb_row__col--12 gspb_col-id-gsbp-e85f86c\" id=\"gspb_col-id-gsbp-e85f86c\">\n<h3 class=\"wp-block-heading\" id=\"tehtavamme-on\" style=\"padding-top:var(--wp--preset--spacing--30);padding-right:var(--wp--preset--spacing--50);padding-bottom:var(--wp--preset--spacing--30);padding-left:var(--wp--preset--spacing--50)\"><strong>Teht\u00e4v\u00e4mme on<\/strong><\/h3>\n\n\n\n<ul style=\"border-style:none;border-width:0px;margin-top:var(--wp--preset--spacing--40);margin-right:var(--wp--preset--spacing--60);margin-bottom:var(--wp--preset--spacing--40);margin-left:var(--wp--preset--spacing--60);padding-top:0;padding-right:0;padding-bottom:0;padding-left:0\" class=\"wp-block-list\">\n<li style=\"margin-top:var(--wp--preset--spacing--20);margin-bottom:var(--wp--preset--spacing--20)\">Edist\u00e4\u00e4 avoimen yliopisto-opetuksen yhteisten toimintaperiaatteiden luomista ja toteuttamista sek\u00e4 yliopistojen v\u00e4list\u00e4 yhteisty\u00f6t\u00e4<\/li>\n\n\n\n<li style=\"margin-top:var(--wp--preset--spacing--20);margin-bottom:var(--wp--preset--spacing--20)\">Harjoittaa koulutuspoliittista vaikuttamista ja edunvalvontaa<\/li>\n\n\n\n<li style=\"margin-top:var(--wp--preset--spacing--20);margin-bottom:var(--wp--preset--spacing--20)\">Jakaa avoimen yliopisto-opetuksen j\u00e4rjest\u00e4miseen ja kehitt\u00e4miseen liittyvi\u00e4 kokemuksia ja hyvi\u00e4 toimintak\u00e4yt\u00e4nt\u00f6j\u00e4<\/li>\n\n\n\n<li style=\"margin-top:var(--wp--preset--spacing--20);margin-bottom:var(--wp--preset--spacing--20)\">Jakaa parhaita kansainv\u00e4lisen yhteisty\u00f6n k\u00e4yt\u00e4nt\u00f6j\u00e4<\/li>\n\n\n\n<li style=\"margin-top:var(--wp--preset--spacing--20);margin-bottom:var(--wp--preset--spacing--20)\">Lis\u00e4t\u00e4 Avoimen yliopisto-opetuksen tunnettuutta<\/li>\n\n\n\n<li style=\"margin-top:var(--wp--preset--spacing--20);margin-bottom:var(--wp--preset--spacing--20)\">Tukea avointa yliopisto-opetusta koskevien tietoj\u00e4rjestelmien ja s\u00e4hk\u00f6isten palvelujen kehitysty\u00f6t\u00e4 sek\u00e4 yliopistoissa ett\u00e4 valtakunnallisesti<\/li>\n\n\n\n<li style=\"margin-top:var(--wp--preset--spacing--20);margin-bottom:var(--wp--preset--spacing--20)\">Tukea yliopistojen yhteiskunnallista ja alueellista teht\u00e4v\u00e4\u00e4<\/li>\n<\/ul>\n<\/div>\n <\/div><\/div>\n\n\n\n<div class=\"wp-block-greenshift-blocks-row gspb_row gspb_row-id-gsbp-111b673\" id=\"gspb_row-id-gsbp-111b673\"><div class=\"gspb_row__content\"> \n<div class=\"wp-block-greenshift-blocks-row-column gspb_row__col--12 gspb_col-id-gsbp-7c9ac76\" id=\"gspb_col-id-gsbp-7c9ac76\">\n<div style=\"height:0px\" aria-hidden=\"true\" class=\"wp-block-spacer\"><\/div>\n<\/div>\n <\/div><\/div>\n\n\n\n<p><\/p>\n","protected":false},"excerpt":{"rendered":"","protected":false},"author":2,"featured_media":0,"parent":0,"menu_order":0,"comment_status":"closed","ping_status":"closed","template":"","meta":{"_gspb_post_css":"#gspb_row-id-gsbp-93ba6a3>.gspb_row__content,#gspb_row-id-gsbp-d8c7183>.gspb_row__content,#gspb_row-id-gsbp-fc34525>.gspb_row__content{display:flex;justify-content:space-between;margin:0 auto;width:100%;flex-wrap:wrap}.gspb_row{position:relative}div[id^=gspb_col-id]{box-sizing:border-box;position:relative;padding:var(--gs-row-column-padding, 15px min(3vw, 20px))}#gspb_row-id-gsbp-d8c7183,#gspb_row-id-gsbp-fc34525{justify-content:space-between;margin-top:0;display:flex;flex-wrap:wrap;margin-bottom:0}#gspb_row-id-gsbp-0485798{margin-bottom:0}#gspb_row-id-gsbp-0485798,#gspb_row-id-gsbp-2323987,#gspb_row-id-gsbp-93ba6a3{justify-content:space-between;margin-top:0;display:flex;flex-wrap:wrap}#gspb_row-id-gsbp-93ba6a3{margin-bottom:0}body.gspb-bodyfront #gspb_row-id-gsbp-93ba6a3>.gspb_row__content,body.gspb-bodyfront #gspb_row-id-gsbp-d8c7183>.gspb_row__content,body.gspb-bodyfront #gspb_row-id-gsbp-fc34525>.gspb_row__content{width:var(--theme-container-width, 1200px);max-width:var(--theme-normal-container-max-width, 1200px)}#gspb_col-id-gsbp-7cfe28d.gspb_row__col--6{width:50%}@media (max-width:575.98px){#gspb_col-id-gsbp-7cfe28d.gspb_row__col--6{width:100%}}@media (min-width:992px){body.gspb-bodyfront #gspb_col-id-gsbp-7cfe28d.gspb_row__col--6{width:calc(45% - 0px - 0px)}}#gspb_col-id-gsbp-f68edee.gspb_row__col--6{width:50%}@media (max-width:575.98px){#gspb_col-id-gsbp-f68edee.gspb_row__col--6{width:100%}}#gspb_col-id-gsbp-f68edee.gspb_row__col--6{line-height:.2px}#gspb_row-id-gsbp-0485798>.gspb_row__content,#gspb_row-id-gsbp-2323987>.gspb_row__content,#gspb_row-id-gsbp-cde7722>.gspb_row__content{display:flex;justify-content:space-between;margin:0 auto;width:100%;flex-wrap:wrap}body.gspb-bodyfront #gspb_row-id-gsbp-0485798>.gspb_row__content,body.gspb-bodyfront #gspb_row-id-gsbp-2323987>.gspb_row__content{width:var(--theme-container-width, 1200px);max-width:var(--theme-normal-container-max-width, 1200px)}#gspb_row-id-gsbp-2323987{margin-bottom:0}#gspb_row-id-gsbp-cde7722,#gspb_row-id-gsbp-da83e37{justify-content:space-between;margin-bottom:0;display:flex;flex-wrap:wrap;margin-top:0}#gspb_col-id-gsbp-dabaa01.gspb_row__col--12{width:100%}@media (max-width:575.98px){#gspb_col-id-gsbp-dabaa01.gspb_row__col--12{width:100%}}#gspb_row-id-gsbp-da83e37>.gspb_row__content{display:flex;justify-content:space-between;margin:0 auto;width:100%;flex-wrap:wrap}body.gspb-bodyfront #gspb_row-id-gsbp-cde7722>.gspb_row__content,body.gspb-bodyfront #gspb_row-id-gsbp-da83e37>.gspb_row__content{width:var(--theme-container-width, 1200px);max-width:var(--theme-normal-container-max-width, 1200px)}#gspb_col-id-gsbp-e85f86c.gspb_row__col--12{width:100%}@media (max-width:575.98px){#gspb_col-id-gsbp-e85f86c.gspb_row__col--12{width:100%}}@media (min-width:992px){body.gspb-bodyfront #gspb_col-id-gsbp-e85f86c.gspb_row__col--12{width:calc(98% - 0px - 0px)}}#gspb_col-id-gsbp-e85f86c.gspb_row__col--12{background-color:var(--wp--preset--color--palette-color-8, var(--theme-palette-color-8, #ffffff))}#gspb_row-id-gsbp-111b673{justify-content:space-between;margin-top:0;margin-bottom:0;display:flex;flex-wrap:wrap}#gspb_row-id-gsbp-111b673>.gspb_row__content{display:flex;justify-content:space-between;margin:0 auto;width:100%;flex-wrap:wrap}body.gspb-bodyfront #gspb_row-id-gsbp-111b673>.gspb_row__content{width:var(--theme-container-width, 1200px);max-width:var(--theme-normal-container-max-width, 1200px)}#gspb_col-id-gsbp-7c9ac76.gspb_row__col--12{width:100%}@media (max-width:575.98px){#gspb_col-id-gsbp-7c9ac76.gspb_row__col--12{width:100%}}","footnotes":""},"class_list":["post-686","page","type-page","status-publish","hentry"],"blocksy_meta":[],"_links":{"self":[{"href":"https:\/\/avoimenfoorumi.fi\/index.php?rest_route=\/wp\/v2\/pages\/686","targetHints":{"allow":["GET"]}}],"collection":[{"href":"https:\/\/avoimenfoorumi.fi\/index.php?rest_route=\/wp\/v2\/pages"}],"about":[{"href":"https:\/\/avoimenfoorumi.fi\/index.php?rest_route=\/wp\/v2\/types\/page"}],"author":[{"embeddable":true,"href":"https:\/\/avoimenfoorumi.fi\/index.php?rest_route=\/wp\/v2\/users\/2"}],"replies":[{"embeddable":true,"href":"https:\/\/avoimenfoorumi.fi\/index.php?rest_route=%2Fwp%2Fv2%2Fcomments&post=686"}],"version-history":[{"count":104,"href":"https:\/\/avoimenfoorumi.fi\/index.php?rest_route=\/wp\/v2\/pages\/686\/revisions"}],"predecessor-version":[{"id":969,"href":"https:\/\/avoimenfoorumi.fi\/index.php?rest_route=\/wp\/v2\/pages\/686\/revisions\/969"}],"wp:attachment":[{"href":"https:\/\/avoimenfoorumi.fi\/index.php?rest_route=%2Fwp%2Fv2%2Fmedia&parent=686"}],"curies":[{"name":"wp","href":"https:\/\/api.w.org\/{rel}","templated":true}]}}