{"id":684,"date":"2026-03-05T08:09:42","date_gmt":"2026-03-05T08:09:42","guid":{"rendered":"https:\/\/avoimenfoorumi.fi\/?page_id=684"},"modified":"2026-03-12T07:22:16","modified_gmt":"2026-03-12T07:22:16","slug":"tapahtumat","status":"publish","type":"page","link":"https:\/\/avoimenfoorumi.fi\/?page_id=684","title":{"rendered":"Tapahtumat"},"content":{"rendered":"\n<div class=\"wp-block-greenshift-blocks-row gspb_row gspb_row-id-gsbp-0fc4f4e\" id=\"gspb_row-id-gsbp-0fc4f4e\"><div class=\"gspb_row__content\"> \n<div class=\"wp-block-greenshift-blocks-row-column gspb_row__col--6 gspb_col-id-gsbp-90e5a15\" id=\"gspb_col-id-gsbp-90e5a15\">\n<div style=\"height:16px\" aria-hidden=\"true\" class=\"wp-block-spacer\"><\/div>\n\n\n\n<h3 class=\"wp-block-heading\" id=\"avoimen-korkeakouluopetuksen-paivat\"><strong>Avoimen korkeakouluopetuksen p\u00e4iv\u00e4t<\/strong><\/h3>\n\n\n\n<p>Avoimen korkeakouluopetuksen p\u00e4iv\u00e4t on t\u00e4rke\u00e4 n\u00e4k\u00f6alapaikka jatkuvaan oppimiseen. P\u00e4iv\u00e4t tarjoavat avoimen korkeakouluopetuksen toimijoille erinomaisen mahdollisuuden verkostoitua ja kuulla omaan toimialueeseen liittyv\u00e4\u00e4 ajankohtaista tietoa. P\u00e4ivi\u00e4 on j\u00e4rjestetty jossakin muodossa jo vuodesta 2015.<\/p>\n\n\n\n<div style=\"height:5px\" aria-hidden=\"true\" class=\"wp-block-spacer\"><\/div>\n\n\n\n<p><strong>Viimeisimm\u00e4t j\u00e4rjestetyt p\u00e4iv\u00e4t:<\/strong><\/p>\n\n\n\n<p style=\"line-height:1.8\"><a href=\"https:\/\/www.jamk.fi\/fi\/tapahtuma\/avoimen-korkeakouluopetuksen-paivat-2025-jyvaskylassa\" target=\"_blank\" rel=\"noreferrer noopener\">12.-13.11.2025 &#8211; Jyv\u00e4skyl\u00e4<\/a><br><a href=\"https:\/\/www.uef.fi\/fi\/artikkeli\/avoimen-korkeakouluopetuksen-paivat-joensuussa-oppimisen-polkuja-ja-kohtaamisen-taitoja\" target=\"_blank\" rel=\"noreferrer noopener\">13.-14.11.2024 &#8211; Joensuu<\/a><br><a href=\"https:\/\/www.arcada.fi\/fi\/yhteistyo-ja-palvelut\/avoimen-korkeakouluopetuksen-paivat\" target=\"_blank\" rel=\"noreferrer noopener\">15.-16.11.2023 &#8211; Helsinki<\/a><\/p>\n<\/div>\n\n\n\n<div class=\"wp-block-greenshift-blocks-row-column gspb_row__col--6 gspb_col-id-gsbp-90297f5\" id=\"gspb_col-id-gsbp-90297f5\">\n<figure class=\"wp-block-image size-large is-resized\"><img loading=\"lazy\" decoding=\"async\" width=\"1200\" height=\"800\" src=\"https:\/\/avoimenfoorumi.fi\/wp-content\/uploads\/2026\/03\/JOK_avoimen_neuvottelupaivat2025-edited.jpg\" alt=\"\" class=\"wp-image-926\" style=\"width:650px\" srcset=\"https:\/\/avoimenfoorumi.fi\/wp-content\/uploads\/2026\/03\/JOK_avoimen_neuvottelupaivat2025-edited.jpg 1200w, https:\/\/avoimenfoorumi.fi\/wp-content\/uploads\/2026\/03\/JOK_avoimen_neuvottelupaivat2025-edited-300x200.jpg 300w, https:\/\/avoimenfoorumi.fi\/wp-content\/uploads\/2026\/03\/JOK_avoimen_neuvottelupaivat2025-edited-1024x683.jpg 1024w, https:\/\/avoimenfoorumi.fi\/wp-content\/uploads\/2026\/03\/JOK_avoimen_neuvottelupaivat2025-edited-768x512.jpg 768w\" sizes=\"auto, (max-width: 1200px) 100vw, 1200px\" \/><\/figure>\n<\/div>\n <\/div><\/div>\n\n\n\n<div style=\"height:40px\" aria-hidden=\"true\" class=\"wp-block-spacer\"><\/div>\n\n\n\n<div class=\"wp-block-greenshift-blocks-swiper gs-swiper gspb_slider-id-gsbp-89f836c\" style=\"position:relative\"><div class=\"gs-swiper-init\" data-slidesperview=\"1\" data-spacebetween=\"10\" data-spacebetweenmd=\"10\" data-spacebetweensm=\"10\" data-spacebetweenxs=\"10\" data-speed=\"400\" data-loop=\"false\" data-vertical=\"false\" data-verticalheight=\"500px\" data-autoheight=\"false\" data-grabcursor=\"false\" data-freemode=\"false\" data-centered=\"false\" data-autoplay=\"false\" data-autodelay=\"4000\" data-effect=\"regular\" data-coverflowshadow=\"false\"><div class=\"swiper\"><div class=\"swiper-wrapper\">\n<div class=\"swiper-slide\"><div class=\"wp-block-greenshift-blocks-swipe swiper-slide-inner gspb_sliderinner-id-gsbp-e56106e\"><div class=\"slider-content-zone\">\n<h3 class=\"wp-block-heading has-text-align-center\" id=\"nain-kaikki-alkoi\"><strong>N\u00e4in kaikki alkoi<\/strong><\/h3>\n\n\n\n<p class=\"has-text-align-left\">Avoimen yliopiston foorumi j\u00e4rjesti vuosittain avoimen yliopiston neuvottelup\u00e4ivi\u00e4, joille osallistui avoimen yliopisto-opetuksen toimijoita.<\/p>\n<\/div><\/div><\/div>\n\n\n\n<div class=\"swiper-slide\"><div class=\"wp-block-greenshift-blocks-swipe swiper-slide-inner gspb_sliderinner-id-gsbp-dc912e2\"><div class=\"slider-content-zone\">\n<h3 class=\"wp-block-heading has-text-align-center\" id=\"2015\"><strong>2015<\/strong><\/h3>\n\n\n\n<p class=\"has-text-align-left\">P\u00e4ivi\u00e4 aletaan j\u00e4rjest\u00e4\u00e4 yhteisty\u00f6ss\u00e4 avoimen AMK-verkoston kanssa avoimen korkeakouluopetuksen neuvottelup\u00e4ivin\u00e4.<\/p>\n<\/div><\/div><\/div>\n\n\n\n<div class=\"swiper-slide\"><div class=\"wp-block-greenshift-blocks-swipe swiper-slide-inner gspb_sliderinner-id-gsbp-306d1ea\"><div class=\"slider-content-zone\">\n<h3 class=\"wp-block-heading has-text-align-center\" id=\"2021\"><strong>2021<\/strong><\/h3>\n\n\n\n<p class=\"has-text-align-left\">P\u00e4iv\u00e4t saavat nykymuotoisen nimens\u00e4, eli<br><strong>Avoimen korkeakouluopetuksen p\u00e4iv\u00e4t<\/strong>.<\/p>\n<\/div><\/div><\/div>\n<\/div><\/div><div class=\"swiper-pagination\"><\/div><div class=\"swiper-button-prev\"><\/div><div class=\"swiper-button-next\"><\/div><div class=\"swiper-scrollbar\"><\/div><\/div><\/div>\n\n\n\n<p><\/p>\n","protected":false},"excerpt":{"rendered":"","protected":false},"author":2,"featured_media":0,"parent":0,"menu_order":0,"comment_status":"closed","ping_status":"closed","template":"","meta":{"_gspb_post_css":":root{--swiper-theme-color:#007aff}.swiper,swiper-container{margin-left:auto;margin-right:auto;position:relative;overflow:hidden;list-style:none;padding:0;z-index:1;display:block}.swiper-vertical>.swiper-wrapper{flex-direction:column}.swiper-wrapper{position:relative;width:100%;height:100%;z-index:1;display:flex;transition-property:transform;box-sizing:content-box}.swiper-android .swiper-slide,.swiper-wrapper{transform:translate3d(0,0,0)}.swiper-horizontal{touch-action:pan-y}.swiper-vertical{touch-action:pan-x}.swiper .swiper-slide,swiper-slide{flex-shrink:0;width:100%;height:100%;position:relative;transition-property:transform;display:block}.swiper-slide-invisible-blank{visibility:hidden}.swiper-autoheight,.swiper-autoheight .swiper-slide{height:auto}.swiper-autoheight .swiper-wrapper{align-items:flex-start;transition-property:transform,height}.swiper-backface-hidden .swiper-slide{transform:translateZ(0);-webkit-backface-visibility:hidden;backface-visibility:hidden}.swiper-3d,.swiper-3d.swiper-css-mode .swiper-wrapper{perspective:1200px}.swiper-3d .swiper-cube-shadow,.swiper-3d .swiper-slide,.swiper-3d .swiper-slide-shadow,.swiper-3d .swiper-slide-shadow-bottom,.swiper-3d .swiper-slide-shadow-left,.swiper-3d .swiper-slide-shadow-right,.swiper-3d .swiper-slide-shadow-top,.swiper-3d .swiper-wrapper{transform-style:preserve-3d}.swiper-3d .swiper-slide-shadow,.swiper-3d .swiper-slide-shadow-bottom,.swiper-3d .swiper-slide-shadow-left,.swiper-3d .swiper-slide-shadow-right,.swiper-3d .swiper-slide-shadow-top{position:absolute;left:0;top:0;width:100%;height:100%;pointer-events:none;z-index:10}.swiper-css-mode>.swiper-wrapper{overflow:auto;scrollbar-width:none;-ms-overflow-style:none}.swiper-css-mode>.swiper-wrapper::-webkit-scrollbar{display:none}.swiper-css-mode>.swiper-wrapper>.swiper-slide{scroll-snap-align:start start}.swiper-horizontal.swiper-css-mode>.swiper-wrapper{scroll-snap-type:x mandatory}.swiper-vertical.swiper-css-mode>.swiper-wrapper{scroll-snap-type:y mandatory}.swiper-centered>.swiper-wrapper::before{content:'';flex-shrink:0;order:9999}.swiper-centered>.swiper-wrapper>.swiper-slide{scroll-snap-align:center center;scroll-snap-stop:always}.swiper-centered.swiper-horizontal>.swiper-wrapper>.swiper-slide:first-child{margin-inline-start:var(--swiper-centered-offset-before)}.swiper-centered.swiper-horizontal>.swiper-wrapper::before{height:100%;min-height:1px;width:var(--swiper-centered-offset-after)}.swiper-centered.swiper-vertical>.swiper-wrapper>.swiper-slide:first-child{margin-block-start:var(--swiper-centered-offset-before)}.swiper-centered.swiper-vertical>.swiper-wrapper::before{width:100%;min-width:1px;height:var(--swiper-centered-offset-after)}.swiper-virtual .swiper-slide{-webkit-backface-visibility:hidden;transform:translateZ(0)}.swiper-virtual.swiper-css-mode .swiper-wrapper::after{content:'';position:absolute;left:0;top:0;pointer-events:none}.swiper-virtual.swiper-css-mode.swiper-horizontal .swiper-wrapper::after{height:1px;width:var(--swiper-virtual-size)}.swiper-virtual.swiper-css-mode.swiper-vertical .swiper-wrapper::after{width:1px;height:var(--swiper-virtual-size)}:root{--swiper-navigation-size:44px}.swiper-button-next,.swiper-button-prev{position:absolute;top:50%;width:calc(var(--swiper-navigation-size)\/44*27);height:var(--swiper-navigation-size);margin-top:calc(0px - (var(--swiper-navigation-size)\/2));z-index:10;cursor:pointer;display:flex;align-items:center;justify-content:center;color:var(--swiper-navigation-color,var(--swiper-theme-color))}.swiper-button-next.swiper-button-disabled,.swiper-button-prev.swiper-button-disabled{opacity:.35;cursor:auto;pointer-events:none}.swiper-button-next.swiper-button-hidden,.swiper-button-prev.swiper-button-hidden{opacity:0;cursor:auto;pointer-events:none}.swiper-navigation-disabled .swiper-button-next,.swiper-navigation-disabled .swiper-button-prev{display:none!important}.swiper-button-next:after,.swiper-button-prev:after{font-size:var(--swiper-navigation-size);text-transform:none!important;letter-spacing:0;font-variant:initial;line-height:1}.swiper-button-prev,.swiper-rtl .swiper-button-next{left:var(--swiper-navigation-sides-offset,10px);right:auto}.swiper-button-prev:after,.swiper-rtl .swiper-button-next:after{content:'\u276e'}.swiper-button-next,.swiper-rtl .swiper-button-prev{right:var(--swiper-navigation-sides-offset,10px);left:auto}.swiper-button-next:after,.swiper-rtl .swiper-button-prev:after{content:'\u276f'}.swiper-button-lock{display:none}.swiper-pagination{position:absolute;text-align:center;transition:.3s opacity;transform:translate3d(0,0,0);z-index:10}.swiper-pagination.swiper-pagination-hidden{opacity:0}.swiper-pagination-disabled>.swiper-pagination,.swiper-pagination.swiper-pagination-disabled{display:none!important}.swiper-horizontal>.swiper-pagination-bullets,.swiper-pagination-bullets.swiper-pagination-horizontal,.swiper-pagination-custom,.swiper-pagination-fraction{bottom:var(--swiper-pagination-bottom,10px);left:0;width:100%;line-height:0}.swiper-pagination-bullet{width:var(--swiper-pagination-bullet-width,var(--swiper-pagination-bullet-size,8px));height:var(--swiper-pagination-bullet-height,var(--swiper-pagination-bullet-size,8px));display:inline-block;border-radius:var(--swiper-pagination-bullet-border-radius,50%);background:var(--swiper-pagination-bullet-inactive-color,#000);opacity:var(--swiper-pagination-bullet-inactive-opacity,.2)}button.swiper-pagination-bullet{border:0;margin:0;padding:0;box-shadow:none;-webkit-appearance:none;appearance:none}.swiper-pagination-clickable .swiper-pagination-bullet{cursor:pointer}.swiper-pagination-bullet:only-child{display:none!important}.swiper-pagination-bullet-active{opacity:var(--swiper-pagination-bullet-opacity,1);background:var(--swiper-pagination-color,var(--swiper-theme-color))}.swiper-pagination-vertical.swiper-pagination-bullets,.swiper-vertical>.swiper-pagination-bullets{right:var(--swiper-pagination-right,10px);left:var(--swiper-pagination-left,auto);top:50%;transform:translate3d(0,-50%,0)}.swiper-pagination-vertical.swiper-pagination-bullets .swiper-pagination-bullet,.swiper-vertical>.swiper-pagination-bullets .swiper-pagination-bullet{margin:var(--swiper-pagination-bullet-vertical-gap,6px) 0;display:block}.swiper-horizontal>.swiper-pagination-bullets .swiper-pagination-bullet,.swiper-pagination-horizontal.swiper-pagination-bullets .swiper-pagination-bullet{margin:0 var(--swiper-pagination-bullet-horizontal-gap,4px)}.swiper-pagination-fraction{color:var(--swiper-pagination-fraction-color,inherit)}.swiper-pagination-lock{display:none}.swiper-scrollbar,.swiper-scrollbar-drag{position:relative;border-radius:var(--swiper-scrollbar-border-radius,10px)}.swiper-scrollbar{-ms-touch-action:none;background:var(--swiper-scrollbar-bg-color,rgba(0,0,0,.1))}.swiper-scrollbar-disabled>.swiper-scrollbar,.swiper-scrollbar.swiper-scrollbar-disabled{display:none!important}.swiper-horizontal>.swiper-scrollbar,.swiper-scrollbar.swiper-scrollbar-horizontal{position:absolute;left:var(--swiper-scrollbar-sides-offset,1%);bottom:var(--swiper-scrollbar-bottom,4px);top:var(--swiper-scrollbar-top,auto);z-index:50;height:var(--swiper-scrollbar-size,4px);width:calc(100% - 2*var(--swiper-scrollbar-sides-offset,1%))}.swiper-scrollbar.swiper-scrollbar-vertical,.swiper-vertical>.swiper-scrollbar{position:absolute;left:var(--swiper-scrollbar-left,auto);right:var(--swiper-scrollbar-right,4px);top:var(--swiper-scrollbar-sides-offset,1%);z-index:50;width:var(--swiper-scrollbar-size,4px);height:calc(100% - 2*var(--swiper-scrollbar-sides-offset,1%))}.swiper-scrollbar-drag{height:100%;width:100%;background:var(--swiper-scrollbar-drag-bg-color,rgba(0,0,0,.5));left:0;top:0}.swiper-scrollbar-cursor-drag{cursor:move}.swiper-scrollbar-lock{display:none}.swiper-zoom-container{width:100%;height:100%;display:flex;justify-content:center;align-items:center;text-align:center}.swiper-zoom-container>canvas,.swiper-zoom-container>img,.swiper-zoom-container>svg{max-width:100%;max-height:100%;object-fit:contain}.swiper-slide-zoomed{cursor:move;touch-action:none}.swiper .swiper-notification,swiper-container .swiper-notification{position:absolute;left:0;top:0;pointer-events:none;opacity:0;z-index:-1000}.swiper-free-mode>.swiper-wrapper{transition-timing-function:ease-out;margin:0 auto}.swiper-cards .swiper-slide,.swiper-creative .swiper-slide{-webkit-backface-visibility:hidden;backface-visibility:hidden;overflow:hidden}.swiper-creative .swiper-slide{transition-property:transform,opacity,height}.swiper-cards{overflow:visible}.swiper-cards .swiper-slide{transform-origin:center bottom}#gspb_row-id-gsbp-0fc4f4e{justify-content:space-between;margin-top:0;margin-bottom:0;display:flex;flex-wrap:wrap}#gspb_row-id-gsbp-0fc4f4e>.gspb_row__content{display:flex;justify-content:space-between;margin:0 auto;width:100%;flex-wrap:wrap}.gspb_row,.gspb_slider-id-gsbp-89f836c .swiper-slide-inner>div{position:relative}div[id^=gspb_col-id]{box-sizing:border-box;position:relative;padding:var(--gs-row-column-padding, 15px min(3vw, 20px))}body.gspb-bodyfront #gspb_row-id-gsbp-0fc4f4e>.gspb_row__content{width:var(--theme-container-width, 1200px);max-width:var(--theme-normal-container-max-width, 1200px)}#gspb_col-id-gsbp-90e5a15.gspb_row__col--6{width:50%}@media (max-width:575.98px){#gspb_col-id-gsbp-90e5a15.gspb_row__col--6{width:100%}}@media (min-width:992px){body.gspb-bodyfront #gspb_col-id-gsbp-90e5a15.gspb_row__col--6{width:calc(47% - 0px - 0px)}}#gspb_col-id-gsbp-90297f5.gspb_row__col--6{width:50%}@media (max-width:575.98px){#gspb_col-id-gsbp-90297f5.gspb_row__col--6{width:100%}}.gspb_slider-id-gsbp-89f836c .swiper-slide-inner{min-height:160px;justify-content:center}.gspb_slider-id-gsbp-89f836c{width:100%}.gspb_slider-id-gsbp-89f836c .swiper-button-next,.gspb_slider-id-gsbp-89f836c .swiper-button-prev{top:40%}@media (max-width:575.98px){.gspb_slider-id-gsbp-89f836c .swiper-button-next,.gspb_slider-id-gsbp-89f836c .swiper-button-prev{top:25%}}.gspb_slider-id-gsbp-89f836c .swiper-button-prev{left:10px}.gspb_slider-id-gsbp-89f836c .swiper-button-next{right:10px}.gspb_slider-id-gsbp-89f836c .swiper-slide-inner{align-items:center}.gspb_slider-id-gsbp-89f836c .swiper-button-next,.gspb_slider-id-gsbp-89f836c .swiper-button-prev{width:22px;height:22px;line-height:22px}@media (max-width:991.98px){.gspb_slider-id-gsbp-89f836c .swiper-button-next,.gspb_slider-id-gsbp-89f836c .swiper-button-prev{width:22px;height:22px;line-height:22px}}@media (max-width:575.98px){.gspb_slider-id-gsbp-89f836c .swiper-button-next,.gspb_slider-id-gsbp-89f836c .swiper-button-prev{width:22px;height:22px;line-height:22px}}.gspb_slider-id-gsbp-89f836c .swiper-button-next:after,.gspb_slider-id-gsbp-89f836c .swiper-button-prev:after{font-size:20px}@media (max-width:991.98px){.gspb_slider-id-gsbp-89f836c .swiper-button-next:after,.gspb_slider-id-gsbp-89f836c .swiper-button-prev:after{font-size:20px}}@media (max-width:575.98px){.gspb_slider-id-gsbp-89f836c .swiper-button-next:after,.gspb_slider-id-gsbp-89f836c .swiper-button-prev:after{font-size:20px}}.gspb_slider-id-gsbp-89f836c .gspb-sliderlink{position:absolute;top:0;left:0;right:0;bottom:0;z-index:3}.gspb_slider-id-gsbp-89f836c .swiper-pagination{bottom:10px!important;text-align:center!important}.gspb_slider-id-gsbp-89f836c .swiper-scrollbar{visibility:hidden;height:6px;display:none}.gspb_slider-id-gsbp-89f836c .swiper-pagination-bullet{width:8px;height:8px;border-radius:100px;background-color:#8dc5c4;transition:width .4s ease-out}.gspb_slider-id-gsbp-89f836c .swiper-pagination-bullet-active{width:24px}.gspb_slider-id-gsbp-89f836c .swiper-button-next,.gspb_slider-id-gsbp-89f836c .swiper-button-prev{background-color:var(--wp--preset--color--palette-color-7,var(--theme-palette-color-7,#FAFBFC));color:#8dc5c4;box-shadow:20px 20px 60px #58667d5e}.gspb_slider-id-gsbp-89f836c .swiper-slide-inner .wp-block,.gspb_slider-id-gsbp-89f836c .swiper-slide-inner.wp-block{max-width:100%}.gspb_slider-id-gsbp-89f836c .slider-image-wrapper{top:0;left:0;right:0;bottom:0;position:absolute!important;z-index:0;height:100%;width:100%;overflow:hidden}.gspb_slider-id-gsbp-89f836c .slider-image-wrapper img{width:100%;height:100%}.gspb_sliderinner-id-gsbp-306d1ea,.gspb_sliderinner-id-gsbp-dc912e2,.gspb_sliderinner-id-gsbp-e56106e{background-size:contain;display:flex;box-sizing:border-box;background-repeat:no-repeat}","footnotes":""},"class_list":["post-684","page","type-page","status-publish","hentry"],"blocksy_meta":[],"_links":{"self":[{"href":"https:\/\/avoimenfoorumi.fi\/index.php?rest_route=\/wp\/v2\/pages\/684","targetHints":{"allow":["GET"]}}],"collection":[{"href":"https:\/\/avoimenfoorumi.fi\/index.php?rest_route=\/wp\/v2\/pages"}],"about":[{"href":"https:\/\/avoimenfoorumi.fi\/index.php?rest_route=\/wp\/v2\/types\/page"}],"author":[{"embeddable":true,"href":"https:\/\/avoimenfoorumi.fi\/index.php?rest_route=\/wp\/v2\/users\/2"}],"replies":[{"embeddable":true,"href":"https:\/\/avoimenfoorumi.fi\/index.php?rest_route=%2Fwp%2Fv2%2Fcomments&post=684"}],"version-history":[{"count":41,"href":"https:\/\/avoimenfoorumi.fi\/index.php?rest_route=\/wp\/v2\/pages\/684\/revisions"}],"predecessor-version":[{"id":973,"href":"https:\/\/avoimenfoorumi.fi\/index.php?rest_route=\/wp\/v2\/pages\/684\/revisions\/973"}],"wp:attachment":[{"href":"https:\/\/avoimenfoorumi.fi\/index.php?rest_route=%2Fwp%2Fv2%2Fmedia&parent=684"}],"curies":[{"name":"wp","href":"https:\/\/api.w.org\/{rel}","templated":true}]}}