{"id":683,"date":"2026-03-05T08:09:42","date_gmt":"2026-03-05T08:09:42","guid":{"rendered":"https:\/\/avoimenfoorumi.fi\/?page_id=683"},"modified":"2026-03-11T10:23:02","modified_gmt":"2026-03-11T10:23:02","slug":"tutkittua","status":"publish","type":"page","link":"https:\/\/avoimenfoorumi.fi\/?page_id=683","title":{"rendered":"Tutkittua"},"content":{"rendered":"\n<div class=\"wp-block-greenshift-blocks-row gspb_row gspb_row-id-gsbp-0550577\" id=\"gspb_row-id-gsbp-0550577\"><div class=\"gspb_row__content\">  <\/div><\/div>\n\n\n\n<div class=\"wp-block-greenshift-blocks-row gspb_row gspb_row-id-gsbp-1e8eb18\" id=\"gspb_row-id-gsbp-1e8eb18\"><div class=\"gspb_row__content\">  <\/div><\/div>\n\n\n\n<div class=\"wp-block-greenshift-blocks-row gspb_row gspb_row-id-gsbp-28a29d3\" id=\"gspb_row-id-gsbp-28a29d3\"><div class=\"gspb_row__content\"> \n<div class=\"wp-block-greenshift-blocks-row-column gspb_row__col--6 gspb_col-id-gsbp-332fb3b\" id=\"gspb_col-id-gsbp-332fb3b\">\n<div style=\"height:15px\" aria-hidden=\"true\" class=\"wp-block-spacer\"><\/div>\n\n\n\n<h3 class=\"wp-block-heading\" id=\"tutkimusta-avoimesta-yliopisto-opetuksesta\"><strong>Tutkimusta avoimesta yliopisto-opetuksesta<\/strong><\/h3>\n\n\n\n<ul class=\"wp-block-list\">\n<li style=\"margin-top:var(--wp--preset--spacing--20);margin-bottom:var(--wp--preset--spacing--20)\"><a href=\"https:\/\/jyx.jyu.fi\/handle\/123456789\/73036\">Marginaalista vakiintuneeksi valintav\u00e4yl\u00e4ksi: ideoita avoimen v\u00e4yl\u00e4n kehitt\u00e4miseen (TRY-hanke)<\/a><\/li>\n\n\n\n<li style=\"margin-top:var(--wp--preset--spacing--20);margin-bottom:var(--wp--preset--spacing--20)\"><a href=\"https:\/\/refworks.proquest.com\/public-share\/Hfx4Bai0SuILNRLOVFZQEHjXZJhEXe3MwReWJ4NlYkme\">Kotimaiset tutkimukset<\/a><\/li>\n\n\n\n<li style=\"margin-top:var(--wp--preset--spacing--20);margin-bottom:var(--wp--preset--spacing--20)\"><a href=\"https:\/\/refworks.proquest.com\/public-share\/BdRMUBfbnoHLQ2PE280JdHQfaoWU0uF8hlvdBzcLl3r6\">Kotimaiset artikkelit<\/a><\/li>\n\n\n\n<li style=\"margin-top:var(--wp--preset--spacing--20);margin-bottom:var(--wp--preset--spacing--20)\"><a href=\"https:\/\/refworks.proquest.com\/public-share\/uy8zJF6KHHvkLlUdGKOCyUYuQlleM8wpTHqbjKe0V4z3\">Kansainv\u00e4liset artikkelit<\/a><\/li>\n<\/ul>\n<\/div>\n\n\n\n<div class=\"wp-block-greenshift-blocks-row-column gspb_row__col--6 gspb_col-id-gsbp-bbddff9\" id=\"gspb_col-id-gsbp-bbddff9\">\n<div style=\"height:15px\" aria-hidden=\"true\" class=\"wp-block-spacer\"><\/div>\n\n\n\n<h3 class=\"wp-block-heading\" id=\"koontitilastoja-avoimesta-yliopisto-opetuksesta\"><strong>Koontitilastoja avoimesta yliopisto-opetuksesta<\/strong><\/h3>\n\n\n\n<ul class=\"wp-block-list\">\n<li style=\"margin-top:var(--wp--preset--spacing--20);margin-bottom:var(--wp--preset--spacing--20)\"><a href=\"https:\/\/kotaplus.csc.fi\/online\/Etusivu.do?lng=fi\">Tilastot vuoteen 2009 asti KOTA-tietokannassa<\/a><\/li>\n\n\n\n<li style=\"margin-top:var(--wp--preset--spacing--20);margin-bottom:var(--wp--preset--spacing--20)\"><a href=\"http:\/\/vipunen.csc.fi\/fi-fi\/yliopistokoulutus\/avoinyo\/Pages\/default.aspx\">Tilastot vuodesta 2010 alkaen VIPUNEN-palvelussa<\/a><\/li>\n<\/ul>\n<\/div>\n <\/div><\/div>\n\n\n\n<p><\/p>\n","protected":false},"excerpt":{"rendered":"","protected":false},"author":2,"featured_media":0,"parent":0,"menu_order":0,"comment_status":"closed","ping_status":"closed","template":"","meta":{"_gspb_post_css":"#gspb_row-id-gsbp-0550577,#gspb_row-id-gsbp-1e8eb18{justify-content:space-between;margin-bottom:0;display:flex;flex-wrap:wrap;margin-top:0}#gspb_row-id-gsbp-0550577>.gspb_row__content,#gspb_row-id-gsbp-1e8eb18>.gspb_row__content,#gspb_row-id-gsbp-28a29d3>.gspb_row__content{display:flex;justify-content:space-between;margin:0 auto;width:100%;flex-wrap:wrap}.gspb_row{position:relative}div[id^=gspb_col-id]{box-sizing:border-box;position:relative;padding:var(--gs-row-column-padding, 15px min(3vw, 20px))}#gspb_row-id-gsbp-28a29d3{justify-content:space-between;margin-top:0;margin-bottom:0;display:flex;flex-wrap:wrap}body.gspb-bodyfront #gspb_row-id-gsbp-0550577>.gspb_row__content,body.gspb-bodyfront #gspb_row-id-gsbp-1e8eb18>.gspb_row__content,body.gspb-bodyfront #gspb_row-id-gsbp-28a29d3>.gspb_row__content{width:var(--theme-container-width, 1200px);max-width:var(--theme-normal-container-max-width, 1200px)}#gspb_col-id-gsbp-332fb3b.gspb_row__col--6{width:50%}@media (max-width:575.98px){#gspb_col-id-gsbp-332fb3b.gspb_row__col--6{width:100%}}@media (min-width:992px){body.gspb-bodyfront #gspb_col-id-gsbp-332fb3b.gspb_row__col--6{width:calc(43% - 0px - 0px)}}#gspb_col-id-gsbp-bbddff9.gspb_row__col--6{width:50%}@media (max-width:575.98px){#gspb_col-id-gsbp-bbddff9.gspb_row__col--6{width:100%}}","footnotes":""},"class_list":["post-683","page","type-page","status-publish","hentry"],"blocksy_meta":[],"_links":{"self":[{"href":"https:\/\/avoimenfoorumi.fi\/index.php?rest_route=\/wp\/v2\/pages\/683","targetHints":{"allow":["GET"]}}],"collection":[{"href":"https:\/\/avoimenfoorumi.fi\/index.php?rest_route=\/wp\/v2\/pages"}],"about":[{"href":"https:\/\/avoimenfoorumi.fi\/index.php?rest_route=\/wp\/v2\/types\/page"}],"author":[{"embeddable":true,"href":"https:\/\/avoimenfoorumi.fi\/index.php?rest_route=\/wp\/v2\/users\/2"}],"replies":[{"embeddable":true,"href":"https:\/\/avoimenfoorumi.fi\/index.php?rest_route=%2Fwp%2Fv2%2Fcomments&post=683"}],"version-history":[{"count":18,"href":"https:\/\/avoimenfoorumi.fi\/index.php?rest_route=\/wp\/v2\/pages\/683\/revisions"}],"predecessor-version":[{"id":915,"href":"https:\/\/avoimenfoorumi.fi\/index.php?rest_route=\/wp\/v2\/pages\/683\/revisions\/915"}],"wp:attachment":[{"href":"https:\/\/avoimenfoorumi.fi\/index.php?rest_route=%2Fwp%2Fv2%2Fmedia&parent=683"}],"curies":[{"name":"wp","href":"https:\/\/api.w.org\/{rel}","templated":true}]}}