{"id":682,"date":"2026-03-05T08:09:42","date_gmt":"2026-03-05T08:09:42","guid":{"rendered":"https:\/\/avoimenfoorumi.fi\/?page_id=682"},"modified":"2026-05-06T04:51:33","modified_gmt":"2026-05-06T04:51:33","slug":"lausunnot","status":"publish","type":"page","link":"https:\/\/avoimenfoorumi.fi\/?page_id=682","title":{"rendered":"Lausunnot"},"content":{"rendered":"\n<div class=\"wp-block-greenshift-blocks-row gspb_row gspb_row-id-gsbp-6409301\" id=\"gspb_row-id-gsbp-6409301\"><div class=\"gspb_row__content\"> \n<div class=\"wp-block-greenshift-blocks-row-column gspb_row__col--12 gspb_col-id-gsbp-11c14fe\" id=\"gspb_col-id-gsbp-11c14fe\">\n<div style=\"height:16px\" aria-hidden=\"true\" class=\"wp-block-spacer\"><\/div>\n\n\n\n<h3 class=\"wp-block-heading\" id=\"avoimen-yliopiston-foorumin-lausuntoja\"><strong>Avoimen yliopiston foorumin lausuntoja<\/strong><\/h3>\n\n\n\n<p>Lausunnot ja kannanotot ovat kiinte\u00e4 osa Avoimen yliopiston foorumin toimintaa.  Tiedostot avautuvat Word- tai PDF-muodossa.<\/p>\n\n\n\n<section class=\"wp-block-greenshift-blocks-row alignfull gspb_row gspb_row-id-gsbp-50e75a2\" id=\"gspb_row-id-gsbp-50e75a2\"><div class=\"gspb_row__content\">  <\/div><\/section>\n<\/div>\n <\/div><\/div>\n\n\n\n<div class=\"wp-block-greenshift-blocks-row gspb_row gspb_row-id-gsbp-979938c\" id=\"gspb_row-id-gsbp-979938c\"><div class=\"gspb_row__content\"> \n<div class=\"wp-block-greenshift-blocks-row-column gspb_row__col--12 gspb_col-id-gsbp-4bc98ce\" id=\"gspb_col-id-gsbp-4bc98ce\">\n<div class=\"wp-block-greenshift-blocks-accordion gs-accordion gspb_accordion-id-gsbp-2a16b8d\" id=\"gspb_accordion-id-gsbp-2a16b8d\" >\n<div class=\"wp-block-greenshift-blocks-accordionitem gs-accordion-item gspb_accordionitem-gsbp-d3c158a gsclose\" id=\"gspb_accordionitem-gsbp-d3c158a\" itemscope><div id=\"gs-trigger-gsbp-2a16b8d-0\" class=\"gs-accordion-item__title\" aria-expanded=\"false\" role=\"button\" tabindex=\"0\" aria-controls=\"gspb-accordion-item-content-gsbp-d3c158a\"><div class=\"gs-accordion-item__heading\">2018<\/div><span class=\"iconfortoggle\"><span class=\"gs-iconbefore\"><\/span><span class=\"gs-iconafter\"><\/span><\/span><\/div><div aria-labelledby=\"gs-trigger-gsbp-2a16b8d-0\" class=\"gs-accordion-item__content\" itemscope id=\"gspb-accordion-item-content-gsbp-d3c158a\"><div class=\"gs-accordion-item__text\">\n<ul class=\"wp-block-list\">\n<li><a href=\"https:\/\/avoimenfoorumi.fi\/wp-content\/uploads\/2026\/05\/Avoimen-yliopiston-foorumin-lausunto-yliopistolain-muuttamisesta310818-1.docx\">Lausunto esityksest\u00e4 eduskunnalle laeiksi yliopistolain ja ammattikorkeakoululain muuttamisesta<\/a><\/li>\n<\/ul>\n<\/div><\/div><\/div>\n\n\n\n<div class=\"wp-block-greenshift-blocks-accordionitem gs-accordion-item gspb_accordionitem-gsbp-48833a5 gsclose\" id=\"gspb_accordionitem-gsbp-48833a5\" itemscope><div id=\"gs-trigger-gsbp-2a16b8d-1\" class=\"gs-accordion-item__title\" aria-expanded=\"false\" role=\"button\" tabindex=\"0\" aria-controls=\"gspb-accordion-item-content-gsbp-48833a5\"><div class=\"gs-accordion-item__heading\">2017<\/div><span class=\"iconfortoggle\"><span class=\"gs-iconbefore\"><\/span><span class=\"gs-iconafter\"><\/span><\/span><\/div><div aria-labelledby=\"gs-trigger-gsbp-2a16b8d-1\" class=\"gs-accordion-item__content\" itemscope id=\"gspb-accordion-item-content-gsbp-48833a5\"><div class=\"gs-accordion-item__text\">\n<ul class=\"wp-block-list\">\n<li><a href=\"https:\/\/avoimenfoorumi.fi\/wp-content\/uploads\/2026\/05\/AF_lausunto_Valmiina_valintoihin_OKM-1-1.pdf\" target=\"_blank\" rel=\"noreferrer noopener\">Lausunto OKM:n Valmiina valintoihin -raporttiin<\/a><\/li>\n<\/ul>\n<\/div><\/div><\/div>\n\n\n\n<div class=\"wp-block-greenshift-blocks-accordionitem gs-accordion-item gspb_accordionitem-gsbp-34fa3fe gsclose\" id=\"gspb_accordionitem-gsbp-34fa3fe\" itemscope><div id=\"gs-trigger-gsbp-2a16b8d-2\" class=\"gs-accordion-item__title\" aria-expanded=\"false\" role=\"button\" tabindex=\"0\" aria-controls=\"gspb-accordion-item-content-gsbp-34fa3fe\"><div class=\"gs-accordion-item__heading\">2016<\/div><span class=\"iconfortoggle\"><span class=\"gs-iconbefore\"><\/span><span class=\"gs-iconafter\"><\/span><\/span><\/div><div aria-labelledby=\"gs-trigger-gsbp-2a16b8d-2\" class=\"gs-accordion-item__content\" itemscope id=\"gspb-accordion-item-content-gsbp-34fa3fe\"><div class=\"gs-accordion-item__text\">\n<ul class=\"wp-block-list\">\n<li><a href=\"https:\/\/avoimenfoorumi.fi\/wp-content\/uploads\/2026\/05\/AF_lausunto_tutkintojen_ja_muun_osaamisen_viitekehykseen.pdf\" target=\"_blank\" rel=\"noreferrer noopener\">Lausunto hallituksen esitykseen eduskunnalle laiksi tutkintojen ja muun osaamisen viitekehyksest\u00e4<\/a><\/li>\n<\/ul>\n\n\n\n<ul class=\"wp-block-list\">\n<li><a href=\"https:\/\/avoimenfoorumi.fi\/wp-content\/uploads\/2026\/05\/AF_lausunto_OKMn_rahoitusmalliin.pdf\" target=\"_blank\" rel=\"noreferrer noopener\">Lausunto yliopistojen rahoitusmallin tarkistamisesta vuodesta 2017 alkaen<\/a><\/li>\n<\/ul>\n<\/div><\/div><\/div>\n\n\n\n<div class=\"wp-block-greenshift-blocks-accordionitem gs-accordion-item gspb_accordionitem-gsbp-a64bc5c gsclose\" id=\"gspb_accordionitem-gsbp-a64bc5c\" itemscope><div id=\"gs-trigger-gsbp-2a16b8d-3\" class=\"gs-accordion-item__title\" aria-expanded=\"false\" role=\"button\" tabindex=\"0\" aria-controls=\"gspb-accordion-item-content-gsbp-a64bc5c\"><div class=\"gs-accordion-item__heading\">2014<\/div><span class=\"iconfortoggle\"><span class=\"gs-iconbefore\"><\/span><span class=\"gs-iconafter\"><\/span><\/span><\/div><div aria-labelledby=\"gs-trigger-gsbp-2a16b8d-3\" class=\"gs-accordion-item__content\" itemscope id=\"gspb-accordion-item-content-gsbp-a64bc5c\"><div class=\"gs-accordion-item__text\">\n<ul class=\"wp-block-list\">\n<li><a href=\"https:\/\/avoimenfoorumi.fi\/wp-content\/uploads\/2026\/05\/AF_kannanotto_2014_11_07_maksuasetus.pdf\" target=\"_blank\" rel=\"noreferrer noopener\">Kannanotto maksuasetukseen OKM:lle<\/a><\/li>\n<\/ul>\n\n\n\n<ul class=\"wp-block-list\">\n<li><a href=\"https:\/\/avoimenfoorumi.fi\/wp-content\/uploads\/2026\/05\/AF_lausunto_sivistysvaliokunta_HE_241_2014.pdf\" target=\"_blank\" rel=\"noreferrer noopener\">Lausunto HE 241\/2014 eduskunnan sivistysvaliokunnalle<\/a><\/li>\n<\/ul>\n\n\n\n<ul class=\"wp-block-list\">\n<li><a href=\"https:\/\/avoimenfoorumi.fi\/wp-content\/uploads\/2026\/05\/AF-lausunto-erikoistumiskoulutukset-2014.pdf\" target=\"_blank\" rel=\"noreferrer noopener\">Lausunto HE erikoistumiskoulutuksia koskevat s\u00e4\u00e4nn\u00f6kset<\/a><\/li>\n<\/ul>\n\n\n\n<ul class=\"wp-block-list\">\n<li><a href=\"https:\/\/avoimenfoorumi.fi\/wp-content\/uploads\/2026\/05\/2014_AF_lausunto_HE_opiskelijavalinnat.pdf\" target=\"_blank\" rel=\"noreferrer noopener\">Lausunto korkeakoulujen opiskelijavalintauudistuksen II -vaiheen toimeenpanosta<\/a><\/li>\n<\/ul>\n\n\n\n<ul class=\"wp-block-list\">\n<li><a href=\"https:\/\/avoimenfoorumi.fi\/wp-content\/uploads\/2026\/05\/AF-kannanotto-maksuasetus-2014.pdf\" target=\"_blank\" rel=\"noreferrer noopener\">Kannanotto OKM:lle yliopistoja koskevan maksuasetuksen p\u00e4ivitystarpeesta<\/a><\/li>\n<\/ul>\n<\/div><\/div><\/div>\n<\/div>\n<\/div>\n <\/div><\/div>\n\n\n\n<p><\/p>\n","protected":false},"excerpt":{"rendered":"","protected":false},"author":2,"featured_media":0,"parent":0,"menu_order":0,"comment_status":"closed","ping_status":"closed","template":"","meta":{"_gspb_post_css":"#gspb_row-id-gsbp-6409301>.gspb_row__content{display:flex;justify-content:space-between;margin:0 auto;width:100%;flex-wrap:wrap}.gspb_row{position:relative}div[id^=gspb_col-id]{box-sizing:border-box;position:relative;padding:var(--gs-row-column-padding, 15px min(3vw, 20px))}#gspb_col-id-gsbp-11c14fe.gspb_row__col--12{width:100%}@media (max-width:575.98px){#gspb_col-id-gsbp-11c14fe.gspb_row__col--12{width:100%}}#gspb_row-id-gsbp-50e75a2,#gspb_row-id-gsbp-6409301,#gspb_row-id-gsbp-979938c{justify-content:space-between;margin-top:0;margin-bottom:0;display:flex;flex-wrap:wrap}#gspb_row-id-gsbp-50e75a2>.gspb_row__content,#gspb_row-id-gsbp-979938c>.gspb_row__content{display:flex;justify-content:space-between;margin:0 auto;width:100%;flex-wrap:wrap}body.gspb-bodyfront #gspb_row-id-gsbp-50e75a2>.gspb_row__content,body.gspb-bodyfront #gspb_row-id-gsbp-6409301>.gspb_row__content,body.gspb-bodyfront #gspb_row-id-gsbp-979938c>.gspb_row__content{width:var(--theme-container-width, 1200px);max-width:var(--theme-normal-container-max-width, 1200px)}#gspb_col-id-gsbp-4bc98ce.gspb_row__col--12{width:100%}@media (max-width:575.98px){#gspb_col-id-gsbp-4bc98ce.gspb_row__col--12{width:100%}}#gspb_accordion-id-gsbp-2a16b8d .gs-accordion-item.gsclose>.gs-accordion-item__content{overflow:hidden;opacity:0}#gspb_accordion-id-gsbp-2a16b8d .gs-accordion-item.gsopen>.gs-accordion-item__content{opacity:1;max-height:5000px}#gspb_accordion-id-gsbp-2a16b8d .gs-accordion-item>.gs-accordion-item__title>.gs-accordion-item__heading{outline:0;text-decoration:none;margin:0!important;padding:0!important;flex-grow:1}#gspb_accordion-id-gsbp-2a16b8d .gs-accordion-item>.gs-accordion-item__title{z-index:1;margin:0;cursor:pointer;transition:all .3s ease-in-out;position:relative;display:flex;justify-content:space-between;align-items:center;flex-wrap:nowrap}#gspb_accordion-id-gsbp-2a16b8d .gs-accordion-item>.gs-accordion-item__content{z-index:0;position:relative;max-height:0;will-change:max-height;transition:all .25s ease-out}#gspb_accordion-id-gsbp-2a16b8d .gs-accordion-item>.gs-accordion-item__title{background-color:#f9f9f9}@media (max-width:991.98px){#gspb_accordion-id-gsbp-2a16b8d .gs-accordion-item>.gs-accordion-item__title{background-color:#f9f9f9}}@media (max-width:767.98px){#gspb_accordion-id-gsbp-2a16b8d .gs-accordion-item>.gs-accordion-item__title{background-color:#f9f9f9}}@media (max-width:575.98px){#gspb_accordion-id-gsbp-2a16b8d .gs-accordion-item>.gs-accordion-item__title{background-color:#f9f9f9}}#gspb_accordion-id-gsbp-2a16b8d .gs-accordion-item>.gs-accordion-item__title{border-style:solid;border-width:1px;border-color:var(--wp--preset--color--border, #00000012)}#gspb_accordion-id-gsbp-2a16b8d .gs-accordion-item>.gs-accordion-item__content{background-color:#fff}@media (max-width:991.98px){#gspb_accordion-id-gsbp-2a16b8d .gs-accordion-item>.gs-accordion-item__content{background-color:#fff}}@media (max-width:767.98px){#gspb_accordion-id-gsbp-2a16b8d .gs-accordion-item>.gs-accordion-item__content{background-color:#fff}}@media (max-width:575.98px){#gspb_accordion-id-gsbp-2a16b8d .gs-accordion-item>.gs-accordion-item__content{background-color:#fff}}#gspb_accordion-id-gsbp-2a16b8d .gs-accordion-item>.gs-accordion-item__content{border-color:var(--wp--preset--color--border, #00000012);border-style:solid;border-width:1px;border-top-color:#00000000}#gspb_accordion-id-gsbp-2a16b8d .gs-accordion-item>.gs-accordion-item__title span.iconfortoggle{margin-left:15px;display:inline-block;height:14px;width:14px;position:relative}#gspb_accordion-id-gsbp-2a16b8d .gs-accordion-item{margin-bottom:10px}#gspb_accordion-id-gsbp-2a16b8d .gs-accordion-item>.gs-accordion-item__content>.gs-accordion-item__text,#gspb_accordion-id-gsbp-2a16b8d .gs-accordion-item>.gs-accordion-item__title{padding:15px 20px}.gs-accordion .gs-accordion-item.gsopen .gs-accordion-item__title .gs-iconafter{transform:rotate(0)}.gs-accordion .gs-accordion-item__title span.iconfortoggle .gs-iconafter,.gs-accordion .gs-accordion-item__title span.iconfortoggle .gs-iconbefore{content:'';width:14px;height:2px;border-radius:2px;background-color:#111;position:absolute;top:6px;left:0}.gs-accordion .gs-accordion-item__title span.iconfortoggle .gs-iconafter{transform:rotate(90deg);transition:all .3s ease-in-out}","footnotes":""},"class_list":["post-682","page","type-page","status-publish","hentry"],"blocksy_meta":[],"_links":{"self":[{"href":"https:\/\/avoimenfoorumi.fi\/index.php?rest_route=\/wp\/v2\/pages\/682","targetHints":{"allow":["GET"]}}],"collection":[{"href":"https:\/\/avoimenfoorumi.fi\/index.php?rest_route=\/wp\/v2\/pages"}],"about":[{"href":"https:\/\/avoimenfoorumi.fi\/index.php?rest_route=\/wp\/v2\/types\/page"}],"author":[{"embeddable":true,"href":"https:\/\/avoimenfoorumi.fi\/index.php?rest_route=\/wp\/v2\/users\/2"}],"replies":[{"embeddable":true,"href":"https:\/\/avoimenfoorumi.fi\/index.php?rest_route=%2Fwp%2Fv2%2Fcomments&post=682"}],"version-history":[{"count":12,"href":"https:\/\/avoimenfoorumi.fi\/index.php?rest_route=\/wp\/v2\/pages\/682\/revisions"}],"predecessor-version":[{"id":1008,"href":"https:\/\/avoimenfoorumi.fi\/index.php?rest_route=\/wp\/v2\/pages\/682\/revisions\/1008"}],"wp:attachment":[{"href":"https:\/\/avoimenfoorumi.fi\/index.php?rest_route=%2Fwp%2Fv2%2Fmedia&parent=682"}],"curies":[{"name":"wp","href":"https:\/\/api.w.org\/{rel}","templated":true}]}}